{"id":3004,"date":"2020-08-17T08:18:24","date_gmt":"2020-08-17T08:18:24","guid":{"rendered":"https:\/\/katanasystem.sk\/?page_id=3004"},"modified":"2024-11-07T13:40:00","modified_gmt":"2024-11-07T13:40:00","slug":"referencie","status":"publish","type":"page","link":"https:\/\/katanasystem.sk\/en\/referencie\/","title":{"rendered":"References"},"content":{"rendered":"<p><section id=\"bt_bb_section69da19c5895dc\" class=\"bt_bb_section bt_bb_layout_boxed_1200\"  data-bt-override-class=\"null\"><div class=\"bt_bb_port\"><div class=\"bt_bb_cell\"><div class=\"bt_bb_cell_inner\"><div class=\"bt_bb_row\"  data-bt-override-class=\"{}\"><div class=\"bt_bb_row_holder\" ><div  class=\"bt_bb_column col-xl-12 bt_bb_align_left bt_bb_vertical_align_top bt_bb_padding_normal\"  data-width=\"12\" data-bt-override-class=\"{}\"><div class=\"bt_bb_column_content\"><div class=\"bt_bb_separator bt_bb_border_style_none bt_bb_top_spacing_normal bt_bb_bottom_spacing_normal\" data-bt-override-class=\"null\"><\/div><\/div><\/div><\/div><\/div><div class=\"bt_bb_row\"  data-bt-override-class=\"{}\"><div class=\"bt_bb_row_holder\" ><div  class=\"bt_bb_column col-xl-12 bt_bb_align_left bt_bb_vertical_align_top bt_bb_padding_normal\"  data-width=\"12\" data-bt-override-class=\"{}\"><div class=\"bt_bb_column_content\"><div class=\"bt_bb_separator bt_bb_border_style_none bt_bb_top_spacing_normal bt_bb_bottom_spacing_large\" data-bt-override-class=\"null\"><\/div><div data-bb-version=\"5.2.1\" class=\"bt_bb_masonry_image_grid bt_bb_grid_container bt_bb_columns_4 bt_bb_gap_normal bt_bb_no_lightbox\" data-columns=\"4\"><div class=\"bt_bb_masonry_post_image_content\" data-columns=\"4\"><div class=\"bt_bb_grid_sizer\"><\/div><div class=\"bt_bb_grid_item bt_bb_tile_format11\" data-hw=\"0.43636363636364\" data-src=\"https:\/\/katanasystem.sk\/wp-content\/uploads\/2020\/07\/Orange_Katana.png\" data-src-full=\"https:\/\/katanasystem.sk\/wp-content\/uploads\/2020\/07\/Orange_Katana.png\" data-title=\"Referencie-Orange-Velocity\"><div class=\"bt_bb_grid_item_inner\" data-hw=\"0.43636363636364\" ><div class=\"bt_bb_grid_item_inner_image\"><\/div><div class=\"bt_bb_grid_item_inner_content\"><\/div><\/div><\/div><div class=\"bt_bb_grid_item bt_bb_tile_format11\" data-hw=\"0.43636363636364\" data-src=\"https:\/\/katanasystem.sk\/wp-content\/uploads\/2020\/07\/Slovak-Telekom_Katana.png\" data-src-full=\"https:\/\/katanasystem.sk\/wp-content\/uploads\/2020\/07\/Slovak-Telekom_Katana.png\" data-title=\"Referencie-Slovak-Telekom-Katana\"><div class=\"bt_bb_grid_item_inner\" data-hw=\"0.43636363636364\" ><div class=\"bt_bb_grid_item_inner_image\"><\/div><div class=\"bt_bb_grid_item_inner_content\"><\/div><\/div><\/div><div class=\"bt_bb_grid_item bt_bb_tile_format11\" data-hw=\"0.43636363636364\" data-src=\"https:\/\/katanasystem.sk\/wp-content\/uploads\/2020\/09\/Superzoo-Katana.png\" data-src-full=\"https:\/\/katanasystem.sk\/wp-content\/uploads\/2020\/09\/Superzoo-Katana.png\" data-title=\"Referencie-Superzoo-Katana\"><div class=\"bt_bb_grid_item_inner\" data-hw=\"0.43636363636364\" ><div class=\"bt_bb_grid_item_inner_image\"><\/div><div class=\"bt_bb_grid_item_inner_content\"><\/div><\/div><\/div><div class=\"bt_bb_grid_item bt_bb_tile_format11\" data-hw=\"0.43636363636364\" data-src=\"https:\/\/katanasystem.sk\/wp-content\/uploads\/2020\/07\/HM_Katana.png\" data-src-full=\"https:\/\/katanasystem.sk\/wp-content\/uploads\/2020\/07\/HM_Katana.png\" data-title=\"Referencie-HM-Katana\"><div class=\"bt_bb_grid_item_inner\" data-hw=\"0.43636363636364\" ><div class=\"bt_bb_grid_item_inner_image\"><\/div><div class=\"bt_bb_grid_item_inner_content\"><\/div><\/div><\/div><div class=\"bt_bb_grid_item bt_bb_tile_format11\" data-hw=\"0.43636363636364\" data-src=\"https:\/\/katanasystem.sk\/wp-content\/uploads\/2020\/07\/PnG_Katana-1.png\" data-src-full=\"https:\/\/katanasystem.sk\/wp-content\/uploads\/2020\/07\/PnG_Katana-1.png\" data-title=\"Referencie-PnG-Katana\"><div class=\"bt_bb_grid_item_inner\" data-hw=\"0.43636363636364\" ><div class=\"bt_bb_grid_item_inner_image\"><\/div><div class=\"bt_bb_grid_item_inner_content\"><\/div><\/div><\/div><div class=\"bt_bb_grid_item bt_bb_tile_format11\" data-hw=\"0.43636363636364\" data-src=\"https:\/\/katanasystem.sk\/wp-content\/uploads\/2020\/07\/Mobilne_Katana.png\" data-src-full=\"https:\/\/katanasystem.sk\/wp-content\/uploads\/2020\/07\/Mobilne_Katana.png\" data-title=\"Referencie-Mobilnet-Katana\"><div class=\"bt_bb_grid_item_inner\" data-hw=\"0.43636363636364\" ><div class=\"bt_bb_grid_item_inner_image\"><\/div><div class=\"bt_bb_grid_item_inner_content\"><\/div><\/div><\/div><div class=\"bt_bb_grid_item bt_bb_tile_format11\" data-hw=\"0.43636363636364\" data-src=\"https:\/\/katanasystem.sk\/wp-content\/uploads\/2020\/09\/nPoint-Katana.png\" data-src-full=\"https:\/\/katanasystem.sk\/wp-content\/uploads\/2020\/09\/nPoint-Katana.png\" data-title=\"Referencie-nPoint-Katana\"><div class=\"bt_bb_grid_item_inner\" data-hw=\"0.43636363636364\" ><div class=\"bt_bb_grid_item_inner_image\"><\/div><div class=\"bt_bb_grid_item_inner_content\"><\/div><\/div><\/div><div class=\"bt_bb_grid_item bt_bb_tile_format11\" data-hw=\"0.43636363636364\" data-src=\"https:\/\/katanasystem.sk\/wp-content\/uploads\/2020\/09\/Victory-Katana.png\" data-src-full=\"https:\/\/katanasystem.sk\/wp-content\/uploads\/2020\/09\/Victory-Katana.png\" data-title=\"Referencie-Victory-Katana\"><div class=\"bt_bb_grid_item_inner\" data-hw=\"0.43636363636364\" ><div class=\"bt_bb_grid_item_inner_image\"><\/div><div class=\"bt_bb_grid_item_inner_content\"><\/div><\/div><\/div><div class=\"bt_bb_grid_item bt_bb_tile_format11\" data-hw=\"0.43636363636364\" data-src=\"https:\/\/katanasystem.sk\/wp-content\/uploads\/2022\/12\/Artforum-Katana.png\" data-src-full=\"https:\/\/katanasystem.sk\/wp-content\/uploads\/2022\/12\/Artforum-Katana.png\" data-title=\"Artforum_Katana\"><div class=\"bt_bb_grid_item_inner\" data-hw=\"0.43636363636364\" ><div class=\"bt_bb_grid_item_inner_image\"><\/div><div class=\"bt_bb_grid_item_inner_content\"><\/div><\/div><\/div><div class=\"bt_bb_grid_item bt_bb_tile_format11\" data-hw=\"0.43636363636364\" data-src=\"https:\/\/katanasystem.sk\/wp-content\/uploads\/2020\/09\/CPA-Katana.png\" data-src-full=\"https:\/\/katanasystem.sk\/wp-content\/uploads\/2020\/09\/CPA-Katana.png\" data-title=\"Referencie-CPA-Katana\"><div class=\"bt_bb_grid_item_inner\" data-hw=\"0.43636363636364\" ><div class=\"bt_bb_grid_item_inner_image\"><\/div><div class=\"bt_bb_grid_item_inner_content\"><\/div><\/div><\/div><div class=\"bt_bb_grid_item bt_bb_tile_format11\" data-hw=\"0.43636363636364\" data-src=\"https:\/\/katanasystem.sk\/wp-content\/uploads\/2021\/04\/Procycling-Katana.png\" data-src-full=\"https:\/\/katanasystem.sk\/wp-content\/uploads\/2021\/04\/Procycling-Katana.png\" data-title=\"Referencie-Procycling-Katana\"><div class=\"bt_bb_grid_item_inner\" data-hw=\"0.43636363636364\" ><div class=\"bt_bb_grid_item_inner_image\"><\/div><div class=\"bt_bb_grid_item_inner_content\"><\/div><\/div><\/div><div class=\"bt_bb_grid_item bt_bb_tile_format11\" data-hw=\"0.43636363636364\" data-src=\"https:\/\/katanasystem.sk\/wp-content\/uploads\/2024\/11\/Velocity-Katana.png\" data-src-full=\"https:\/\/katanasystem.sk\/wp-content\/uploads\/2024\/11\/Velocity-Katana.png\" data-title=\"Velocity-Katana\"><div class=\"bt_bb_grid_item_inner\" data-hw=\"0.43636363636364\" ><div class=\"bt_bb_grid_item_inner_image\"><\/div><div class=\"bt_bb_grid_item_inner_content\"><\/div><\/div><\/div><div class=\"bt_bb_grid_item bt_bb_tile_format11\" data-hw=\"0.43636363636364\" data-src=\"https:\/\/katanasystem.sk\/wp-content\/uploads\/2020\/07\/Honeywell_katana.png\" data-src-full=\"https:\/\/katanasystem.sk\/wp-content\/uploads\/2020\/07\/Honeywell_katana.png\" data-title=\"Referencie-Honeywell-Katana\"><div class=\"bt_bb_grid_item_inner\" data-hw=\"0.43636363636364\" ><div class=\"bt_bb_grid_item_inner_image\"><\/div><div class=\"bt_bb_grid_item_inner_content\"><\/div><\/div><\/div><div class=\"bt_bb_grid_item bt_bb_tile_format11\" data-hw=\"0.43636363636364\" data-src=\"https:\/\/katanasystem.sk\/wp-content\/uploads\/2021\/03\/Verisoft_logo_web.png\" data-src-full=\"https:\/\/katanasystem.sk\/wp-content\/uploads\/2021\/03\/Verisoft_logo_web.png\" data-title=\"Referencie-Verisoft-Katana\"><div class=\"bt_bb_grid_item_inner\" data-hw=\"0.43636363636364\" ><div class=\"bt_bb_grid_item_inner_image\"><\/div><div class=\"bt_bb_grid_item_inner_content\"><\/div><\/div><\/div><div class=\"bt_bb_grid_item bt_bb_tile_format11\" data-hw=\"0.43636363636364\" data-src=\"https:\/\/katanasystem.sk\/wp-content\/uploads\/2022\/03\/Bolt_Market_Logo_small.png\" data-src-full=\"https:\/\/katanasystem.sk\/wp-content\/uploads\/2022\/03\/Bolt_Market_Logo_small.png\" data-title=\"Referencie-Bolt-Katana\"><div class=\"bt_bb_grid_item_inner\" data-hw=\"0.43636363636364\" ><div class=\"bt_bb_grid_item_inner_image\"><\/div><div class=\"bt_bb_grid_item_inner_content\"><\/div><\/div><\/div><div class=\"bt_bb_grid_item bt_bb_tile_format11\" data-hw=\"0.43636363636364\" data-src=\"https:\/\/katanasystem.sk\/wp-content\/uploads\/2020\/09\/Instav-Katana-old.png\" data-src-full=\"https:\/\/katanasystem.sk\/wp-content\/uploads\/2020\/09\/Instav-Katana-old.png\" data-title=\"Referencie-Instav-Katana\"><div class=\"bt_bb_grid_item_inner\" data-hw=\"0.43636363636364\" ><div class=\"bt_bb_grid_item_inner_image\"><\/div><div class=\"bt_bb_grid_item_inner_content\"><\/div><\/div><\/div><div class=\"bt_bb_grid_item bt_bb_tile_format11\" data-hw=\"0.43636363636364\" data-src=\"https:\/\/katanasystem.sk\/wp-content\/uploads\/2021\/10\/Adoservice-Katana.png\" data-src-full=\"https:\/\/katanasystem.sk\/wp-content\/uploads\/2021\/10\/Adoservice-Katana.png\" data-title=\"Referencie-Adoservice-Katana\"><div class=\"bt_bb_grid_item_inner\" data-hw=\"0.43636363636364\" ><div class=\"bt_bb_grid_item_inner_image\"><\/div><div class=\"bt_bb_grid_item_inner_content\"><\/div><\/div><\/div><div class=\"bt_bb_grid_item bt_bb_tile_format11\" data-hw=\"0.43636363636364\" data-src=\"https:\/\/katanasystem.sk\/wp-content\/uploads\/2023\/12\/barefoot_logo-1.png\" data-src-full=\"https:\/\/katanasystem.sk\/wp-content\/uploads\/2023\/12\/barefoot_logo-1.png\" data-title=\"Referencie-Barefoot-Katana\"><div class=\"bt_bb_grid_item_inner\" data-hw=\"0.43636363636364\" ><div class=\"bt_bb_grid_item_inner_image\"><\/div><div class=\"bt_bb_grid_item_inner_content\"><\/div><\/div><\/div><div class=\"bt_bb_grid_item bt_bb_tile_format11\" data-hw=\"0.43636363636364\" data-src=\"https:\/\/katanasystem.sk\/wp-content\/uploads\/2023\/12\/CMP_logo.png\" data-src-full=\"https:\/\/katanasystem.sk\/wp-content\/uploads\/2023\/12\/CMP_logo.png\" data-title=\"Referencie-CMP-Katana\"><div class=\"bt_bb_grid_item_inner\" data-hw=\"0.43636363636364\" ><div class=\"bt_bb_grid_item_inner_image\"><\/div><div class=\"bt_bb_grid_item_inner_content\"><\/div><\/div><\/div><div class=\"bt_bb_grid_item bt_bb_tile_format11\" data-hw=\"0.43636363636364\" data-src=\"https:\/\/katanasystem.sk\/wp-content\/uploads\/2023\/12\/DualBP_logo.png\" data-src-full=\"https:\/\/katanasystem.sk\/wp-content\/uploads\/2023\/12\/DualBP_logo.png\" data-title=\"Referencie-DualBP-Katana\"><div class=\"bt_bb_grid_item_inner\" data-hw=\"0.43636363636364\" ><div class=\"bt_bb_grid_item_inner_image\"><\/div><div class=\"bt_bb_grid_item_inner_content\"><\/div><\/div><\/div><div class=\"bt_bb_grid_item bt_bb_tile_format11\" data-hw=\"0.43636363636364\" data-src=\"https:\/\/katanasystem.sk\/wp-content\/uploads\/2023\/12\/Safety_collection_logo.png\" data-src-full=\"https:\/\/katanasystem.sk\/wp-content\/uploads\/2023\/12\/Safety_collection_logo.png\" data-title=\"Referencie-Safety_collection-Katana\"><div class=\"bt_bb_grid_item_inner\" data-hw=\"0.43636363636364\" ><div class=\"bt_bb_grid_item_inner_image\"><\/div><div class=\"bt_bb_grid_item_inner_content\"><\/div><\/div><\/div><div class=\"bt_bb_grid_item bt_bb_tile_format11\" data-hw=\"0.43636363636364\" data-src=\"https:\/\/katanasystem.sk\/wp-content\/uploads\/2024\/11\/Nest-Katana.png\" data-src-full=\"https:\/\/katanasystem.sk\/wp-content\/uploads\/2024\/11\/Nest-Katana.png\" data-title=\"Referencie-Nest-Katana\"><div class=\"bt_bb_grid_item_inner\" data-hw=\"0.43636363636364\" ><div class=\"bt_bb_grid_item_inner_image\"><\/div><div class=\"bt_bb_grid_item_inner_content\"><\/div><\/div><\/div><\/div><\/div><div class=\"bt_bb_separator bt_bb_border_style_none bt_bb_top_spacing_large bt_bb_bottom_spacing_medium\" data-bt-override-class=\"null\"><\/div><\/div><\/div><\/div><\/div><\/div><!-- cell_inner --><\/div><!-- cell --><\/div><!-- port --><\/section><section id=\"freetrialformular\" class=\"bt_bb_section bt_bb_layout_boxed_800 bt_bb_vertical_align_top bt_bb_top_spacing_medium\"  data-bt-override-class=\"null\"><div class=\"bt_bb_port\"><div class=\"bt_bb_cell\"><div class=\"bt_bb_cell_inner\"><div class=\"bt_bb_row\"  data-bt-override-class=\"{}\"><div class=\"bt_bb_row_holder\" ><div  class=\"bt_bb_column col-xl-12 bt_bb_align_left bt_bb_vertical_align_top bt_bb_padding_normal\"  data-width=\"12\" data-bt-override-class=\"{}\"><div class=\"bt_bb_column_content\"><div  class=\"bt_bb_text\" ><\/p>\n<p>\n<\/div><\/div><\/div><\/div><\/div><\/div><!-- cell_inner --><\/div><!-- cell --><\/div><!-- port --><\/section><\/p>","protected":false},"excerpt":{"rendered":"","protected":false},"author":1,"featured_media":0,"parent":0,"menu_order":0,"comment_status":"closed","ping_status":"closed","template":"","meta":{"footnotes":""},"class_list":["post-3004","page","type-page","status-publish","hentry"],"yoast_head":"<!-- This site is optimized with the Yoast SEO plugin v27.3 - https:\/\/yoast.com\/product\/yoast-seo-wordpress\/ -->\n<title>Referencie | katanasystem.sk<\/title>\n<meta name=\"description\" content=\"Zoznam na\u0161ich referenci\u00ed obsahuje \u0161irok\u00e9 spektrum z\u00e1kazn\u00edkov - od korpor\u00e1tnych predajn\u00fdch siet\u00ed a\u017e po jednoprev\u00e1dzkov\u00e9 firmy\" \/>\n<meta name=\"robots\" content=\"index, follow, max-snippet:-1, max-image-preview:large, max-video-preview:-1\" \/>\n<link rel=\"canonical\" href=\"https:\/\/katanasystem.sk\/en\/referencie\/\" \/>\n<meta property=\"og:locale\" content=\"en_US\" \/>\n<meta property=\"og:type\" content=\"article\" \/>\n<meta property=\"og:title\" content=\"Referencie | katanasystem.sk\" \/>\n<meta property=\"og:description\" content=\"Zoznam na\u0161ich referenci\u00ed obsahuje \u0161irok\u00e9 spektrum z\u00e1kazn\u00edkov - od korpor\u00e1tnych predajn\u00fdch siet\u00ed a\u017e po jednoprev\u00e1dzkov\u00e9 firmy\" \/>\n<meta property=\"og:url\" content=\"https:\/\/katanasystem.sk\/en\/referencie\/\" \/>\n<meta property=\"og:site_name\" content=\"katanasystem.sk\" \/>\n<meta property=\"article:modified_time\" content=\"2024-11-07T13:40:00+00:00\" \/>\n<meta name=\"twitter:card\" content=\"summary_large_image\" \/>\n<meta name=\"twitter:label1\" content=\"Est. reading time\" \/>\n\t<meta name=\"twitter:data1\" content=\"1 minute\" \/>\n<script type=\"application\/ld+json\" class=\"yoast-schema-graph\">{\"@context\":\"https:\\\/\\\/schema.org\",\"@graph\":[{\"@type\":\"WebPage\",\"@id\":\"https:\\\/\\\/katanasystem.sk\\\/referencie\\\/\",\"url\":\"https:\\\/\\\/katanasystem.sk\\\/referencie\\\/\",\"name\":\"Referencie | katanasystem.sk\",\"isPartOf\":{\"@id\":\"https:\\\/\\\/katanasystem.sk\\\/#website\"},\"datePublished\":\"2020-08-17T08:18:24+00:00\",\"dateModified\":\"2024-11-07T13:40:00+00:00\",\"description\":\"Zoznam na\u0161ich referenci\u00ed obsahuje \u0161irok\u00e9 spektrum z\u00e1kazn\u00edkov - od korpor\u00e1tnych predajn\u00fdch siet\u00ed a\u017e po jednoprev\u00e1dzkov\u00e9 firmy\",\"breadcrumb\":{\"@id\":\"https:\\\/\\\/katanasystem.sk\\\/referencie\\\/#breadcrumb\"},\"inLanguage\":\"en-US\",\"potentialAction\":[{\"@type\":\"ReadAction\",\"target\":[\"https:\\\/\\\/katanasystem.sk\\\/referencie\\\/\"]}]},{\"@type\":\"BreadcrumbList\",\"@id\":\"https:\\\/\\\/katanasystem.sk\\\/referencie\\\/#breadcrumb\",\"itemListElement\":[{\"@type\":\"ListItem\",\"position\":1,\"name\":\"Home\",\"item\":\"https:\\\/\\\/katanasystem.sk\\\/\"},{\"@type\":\"ListItem\",\"position\":2,\"name\":\"Referencie\"}]},{\"@type\":\"WebSite\",\"@id\":\"https:\\\/\\\/katanasystem.sk\\\/#website\",\"url\":\"https:\\\/\\\/katanasystem.sk\\\/\",\"name\":\"katanasystem.sk\",\"description\":\"Ekonomick\u00fd syst\u00e9m na mieru\",\"publisher\":{\"@id\":\"https:\\\/\\\/katanasystem.sk\\\/#organization\"},\"potentialAction\":[{\"@type\":\"SearchAction\",\"target\":{\"@type\":\"EntryPoint\",\"urlTemplate\":\"https:\\\/\\\/katanasystem.sk\\\/?s={search_term_string}\"},\"query-input\":{\"@type\":\"PropertyValueSpecification\",\"valueRequired\":true,\"valueName\":\"search_term_string\"}}],\"inLanguage\":\"en-US\"},{\"@type\":\"Organization\",\"@id\":\"https:\\\/\\\/katanasystem.sk\\\/#organization\",\"name\":\"FLEX-IS\",\"url\":\"https:\\\/\\\/katanasystem.sk\\\/\",\"logo\":{\"@type\":\"ImageObject\",\"inLanguage\":\"en-US\",\"@id\":\"https:\\\/\\\/katanasystem.sk\\\/#\\\/schema\\\/logo\\\/image\\\/\",\"url\":\"https:\\\/\\\/katanasystem.sk\\\/wp-content\\\/uploads\\\/2022\\\/03\\\/Flexis_RGB_signature.png\",\"contentUrl\":\"https:\\\/\\\/katanasystem.sk\\\/wp-content\\\/uploads\\\/2022\\\/03\\\/Flexis_RGB_signature.png\",\"width\":198,\"height\":42,\"caption\":\"FLEX-IS\"},\"image\":{\"@id\":\"https:\\\/\\\/katanasystem.sk\\\/#\\\/schema\\\/logo\\\/image\\\/\"}}]}<\/script>\n<!-- \/ Yoast SEO plugin. -->","yoast_head_json":{"title":"Referencie | katanasystem.sk","description":"Zoznam na\u0161ich referenci\u00ed obsahuje \u0161irok\u00e9 spektrum z\u00e1kazn\u00edkov - od korpor\u00e1tnych predajn\u00fdch siet\u00ed a\u017e po jednoprev\u00e1dzkov\u00e9 firmy","robots":{"index":"index","follow":"follow","max-snippet":"max-snippet:-1","max-image-preview":"max-image-preview:large","max-video-preview":"max-video-preview:-1"},"canonical":"https:\/\/katanasystem.sk\/en\/referencie\/","og_locale":"en_US","og_type":"article","og_title":"Referencie | katanasystem.sk","og_description":"Zoznam na\u0161ich referenci\u00ed obsahuje \u0161irok\u00e9 spektrum z\u00e1kazn\u00edkov - od korpor\u00e1tnych predajn\u00fdch siet\u00ed a\u017e po jednoprev\u00e1dzkov\u00e9 firmy","og_url":"https:\/\/katanasystem.sk\/en\/referencie\/","og_site_name":"katanasystem.sk","article_modified_time":"2024-11-07T13:40:00+00:00","twitter_card":"summary_large_image","twitter_misc":{"Est. reading time":"1 minute"},"schema":{"@context":"https:\/\/schema.org","@graph":[{"@type":"WebPage","@id":"https:\/\/katanasystem.sk\/referencie\/","url":"https:\/\/katanasystem.sk\/referencie\/","name":"Referencie | katanasystem.sk","isPartOf":{"@id":"https:\/\/katanasystem.sk\/#website"},"datePublished":"2020-08-17T08:18:24+00:00","dateModified":"2024-11-07T13:40:00+00:00","description":"Zoznam na\u0161ich referenci\u00ed obsahuje \u0161irok\u00e9 spektrum z\u00e1kazn\u00edkov - od korpor\u00e1tnych predajn\u00fdch siet\u00ed a\u017e po jednoprev\u00e1dzkov\u00e9 firmy","breadcrumb":{"@id":"https:\/\/katanasystem.sk\/referencie\/#breadcrumb"},"inLanguage":"en-US","potentialAction":[{"@type":"ReadAction","target":["https:\/\/katanasystem.sk\/referencie\/"]}]},{"@type":"BreadcrumbList","@id":"https:\/\/katanasystem.sk\/referencie\/#breadcrumb","itemListElement":[{"@type":"ListItem","position":1,"name":"Home","item":"https:\/\/katanasystem.sk\/"},{"@type":"ListItem","position":2,"name":"Referencie"}]},{"@type":"WebSite","@id":"https:\/\/katanasystem.sk\/#website","url":"https:\/\/katanasystem.sk\/","name":"katanasystem.sk","description":"Ekonomick\u00fd syst\u00e9m na mieru","publisher":{"@id":"https:\/\/katanasystem.sk\/#organization"},"potentialAction":[{"@type":"SearchAction","target":{"@type":"EntryPoint","urlTemplate":"https:\/\/katanasystem.sk\/?s={search_term_string}"},"query-input":{"@type":"PropertyValueSpecification","valueRequired":true,"valueName":"search_term_string"}}],"inLanguage":"en-US"},{"@type":"Organization","@id":"https:\/\/katanasystem.sk\/#organization","name":"FLEX-IS","url":"https:\/\/katanasystem.sk\/","logo":{"@type":"ImageObject","inLanguage":"en-US","@id":"https:\/\/katanasystem.sk\/#\/schema\/logo\/image\/","url":"https:\/\/katanasystem.sk\/wp-content\/uploads\/2022\/03\/Flexis_RGB_signature.png","contentUrl":"https:\/\/katanasystem.sk\/wp-content\/uploads\/2022\/03\/Flexis_RGB_signature.png","width":198,"height":42,"caption":"FLEX-IS"},"image":{"@id":"https:\/\/katanasystem.sk\/#\/schema\/logo\/image\/"}}]}},"_links":{"self":[{"href":"https:\/\/katanasystem.sk\/en\/wp-json\/wp\/v2\/pages\/3004","targetHints":{"allow":["GET"]}}],"collection":[{"href":"https:\/\/katanasystem.sk\/en\/wp-json\/wp\/v2\/pages"}],"about":[{"href":"https:\/\/katanasystem.sk\/en\/wp-json\/wp\/v2\/types\/page"}],"author":[{"embeddable":true,"href":"https:\/\/katanasystem.sk\/en\/wp-json\/wp\/v2\/users\/1"}],"replies":[{"embeddable":true,"href":"https:\/\/katanasystem.sk\/en\/wp-json\/wp\/v2\/comments?post=3004"}],"version-history":[{"count":49,"href":"https:\/\/katanasystem.sk\/en\/wp-json\/wp\/v2\/pages\/3004\/revisions"}],"predecessor-version":[{"id":5447,"href":"https:\/\/katanasystem.sk\/en\/wp-json\/wp\/v2\/pages\/3004\/revisions\/5447"}],"wp:attachment":[{"href":"https:\/\/katanasystem.sk\/en\/wp-json\/wp\/v2\/media?parent=3004"}],"curies":[{"name":"wp","href":"https:\/\/api.w.org\/{rel}","templated":true}]}}