{"id":4046,"date":"2020-10-06T13:48:10","date_gmt":"2020-10-06T13:48:10","guid":{"rendered":"https:\/\/katanasystem.sk\/?page_id=4046"},"modified":"2025-12-19T11:25:17","modified_gmt":"2025-12-19T11:25:17","slug":"ziskat-ponuku","status":"publish","type":"page","link":"https:\/\/katanasystem.sk\/en\/ziskat-ponuku\/","title":{"rendered":"Get a quote"},"content":{"rendered":"<section id=\"freetrialformular\" class=\"bt_bb_section bt_bb_layout_boxed_800 bt_bb_vertical_align_top bt_bb_top_spacing_normal\"  data-bt-override-class=\"null\"><div class=\"bt_bb_port\"><div class=\"bt_bb_cell\"><div class=\"bt_bb_cell_inner\"><div class=\"bt_bb_row \"  data-bt-override-class=\"{}\"><div class=\"bt_bb_row_holder\" ><div  class=\"bt_bb_column col-xl-12 bt_bb_align_left bt_bb_vertical_align_top bt_bb_padding_normal\"  data-width=\"12\" data-bt-override-class=\"{}\"><div class=\"bt_bb_column_content\"><header class=\"bt_bb_headline bt_bb_dash_none bt_bb_subheadline bt_bb_size_inherit bt_bb_align_inherit\" data-bt-override-class=\"{&quot;bt_bb_size_&quot;:{&quot;current_class&quot;:&quot;bt_bb_size_inherit&quot;,&quot;def&quot;:&quot;inherit&quot;,&quot;xl&quot;:&quot;inherit&quot;},&quot;bt_bb_align_&quot;:{&quot;current_class&quot;:&quot;bt_bb_align_inherit&quot;,&quot;def&quot;:&quot;inherit&quot;,&quot;xl&quot;:&quot;inherit&quot;}}\"><h2 class=\"bt_bb_headline_tag\"><span class=\"bt_bb_headline_content\"><span>Z\u00edskajte cenov\u00fa ponuku na mieru!<\/span><\/span><\/h2><div class=\"bt_bb_headline_subheadline\">Nap\u00ed\u0161te n\u00e1m o sebe p\u00e1r viet a my V\u00e1m priprav\u00edme cenov\u00fa ponuku presne na mieru pre V\u00e1\u0161 podnik.<\/div><\/header><\/div><\/div><\/div><\/div><div class=\"bt_bb_row \"  data-bt-override-class=\"{}\"><div class=\"bt_bb_row_holder\" ><div  class=\"bt_bb_column col-xl-12 bt_bb_align_left bt_bb_vertical_align_top bt_bb_padding_normal\"  data-width=\"12\" data-bt-override-class=\"{}\"><div class=\"bt_bb_column_content\"><div class=\"bt_bb_separator bt_bb_border_style_none bt_bb_bottom_spacing_normal\" data-bt-override-class=\"null\"><\/div><\/div><\/div><\/div><\/div><div class=\"bt_bb_row \"  data-bt-override-class=\"{}\"id=\"formulartrial\"><div class=\"bt_bb_row_holder\" ><div  class=\"bt_bb_column col-xl-12 bt_bb_align_left bt_bb_vertical_align_top bt_bb_padding_normal\"  data-width=\"12\" data-bt-override-class=\"{}\"><div class=\"bt_bb_column_content\"><div class=\"bt_bb_shortcode\"><div class=\"wpforms-container wpcf7-form wpforms-render-modern\" id=\"wpforms-5524\"><form id=\"wpforms-form-5524\" class=\"wpforms-validate wpforms-form wpforms-ajax-form\" data-formid=\"5524\" method=\"post\" enctype=\"multipart\/form-data\" action=\"\/en\/wp-json\/wp\/v2\/pages\/4046\" data-token=\"4747a600c25df98bf7c357ec0fa6523e\" data-token-time=\"1775494649\"><noscript class=\"wpforms-error-noscript\">Please enable JavaScript in your browser to complete this form.<\/noscript><div id=\"wpforms-error-noscript\" style=\"display: none;\">Please enable JavaScript in your browser to complete this form.<\/div><div class=\"wpforms-field-container\"><div id=\"wpforms-5524-field_1-container\" class=\"wpforms-field wpforms-field-name\" data-field-id=\"1\"><label class=\"wpforms-field-label\" for=\"wpforms-5524-field_1\">Meno <span class=\"wpforms-required-label\" aria-hidden=\"true\">*<\/span><\/label><input type=\"text\" id=\"wpforms-5524-field_1\" class=\"wpforms-field-large wpforms-field-required\" name=\"wpforms[fields][1]\" aria-errormessage=\"wpforms-5524-field_1-error\" required><\/div><div id=\"wpforms-5524-field_2-container\" class=\"wpforms-field wpforms-field-email\" data-field-id=\"2\"><label class=\"wpforms-field-label\" for=\"wpforms-5524-field_2\">V\u00e1\u0161 email <span class=\"wpforms-required-label\" aria-hidden=\"true\">*<\/span><\/label><input type=\"email\" id=\"wpforms-5524-field_2\" class=\"wpforms-field-large wpforms-field-required\" data-disable-suggestions=\"1\" name=\"wpforms[fields][2]\" spellcheck=\"false\" aria-errormessage=\"wpforms-5524-field_2-error\" required><\/div><div id=\"wpforms-5524-field_4-container\" class=\"wpforms-field wpforms-field-text\" data-field-id=\"4\"><label class=\"wpforms-field-label\" for=\"wpforms-5524-field_4\">V\u00e1\u0161 telef\u00f3n<\/label><input type=\"text\" id=\"wpforms-5524-field_4\" class=\"wpforms-field-large\" name=\"wpforms[fields][4]\" aria-errormessage=\"wpforms-5524-field_4-error\" ><\/div>\t\t<div id=\"wpforms-5524-field_9-container\"\n\t\t\tclass=\"wpforms-field wpforms-field-text\"\n\t\t\tdata-field-type=\"text\"\n\t\t\tdata-field-id=\"9\"\n\t\t\t>\n\t\t\t<label class=\"wpforms-field-label\" for=\"wpforms-5524-field_9\" >V\u00e1\u0161 V\u00e1\u0161 ve\u013ekoobchodn\u00fdch<\/label>\n\t\t\t<input type=\"text\" id=\"wpforms-5524-field_9\" class=\"wpforms-field-medium\" name=\"wpforms[fields][9]\" >\n\t\t<\/div>\n\t\t<div id=\"wpforms-5524-field_5-container\" class=\"wpforms-field wpforms-field-text\" data-field-id=\"5\"><label class=\"wpforms-field-label\" for=\"wpforms-5524-field_5\">V\u00e1\u0161 web<\/label><input type=\"text\" id=\"wpforms-5524-field_5\" class=\"wpforms-field-large\" name=\"wpforms[fields][5]\" aria-errormessage=\"wpforms-5524-field_5-error\" ><\/div><div id=\"wpforms-5524-field_6-container\" class=\"wpforms-field wpforms-field-number\" data-field-id=\"6\"><label class=\"wpforms-field-label\" for=\"wpforms-5524-field_6\">Po\u010det ve\u013ekoobchodn\u00fdch prev\u00e1dzok\/skladov<\/label><input type=\"number\" id=\"wpforms-5524-field_6\" class=\"wpforms-field-large\" name=\"wpforms[fields][6]\" min=\"0\" step=\"any\" aria-errormessage=\"wpforms-5524-field_6-error\" ><\/div><div id=\"wpforms-5524-field_7-container\" class=\"wpforms-field wpforms-field-number\" data-field-id=\"7\"><label class=\"wpforms-field-label\" for=\"wpforms-5524-field_7\">Po\u010det maloobchodn\u00fdch prev\u00e1dzok\/predajn\u00ed<\/label><input type=\"number\" id=\"wpforms-5524-field_7\" class=\"wpforms-field-large\" name=\"wpforms[fields][7]\" min=\"0\" step=\"any\" aria-errormessage=\"wpforms-5524-field_7-error\" ><\/div><div id=\"wpforms-5524-field_8-container\" class=\"wpforms-field wpforms-field-number\" data-field-id=\"8\"><label class=\"wpforms-field-label\" for=\"wpforms-5524-field_8\">Po\u010det predajn\u00fdch miest\/pokladn\u00ed<\/label><input type=\"number\" id=\"wpforms-5524-field_8\" class=\"wpforms-field-large\" name=\"wpforms[fields][8]\" min=\"0\" step=\"any\" aria-errormessage=\"wpforms-5524-field_8-error\" ><\/div><div id=\"wpforms-5524-field_3-container\" class=\"wpforms-field wpforms-field-textarea\" data-field-id=\"3\"><label class=\"wpforms-field-label\" for=\"wpforms-5524-field_3\">In\u00e9 pozn\u00e1mky<\/label><textarea id=\"wpforms-5524-field_3\" class=\"wpforms-field-medium\" name=\"wpforms[fields][3]\" aria-errormessage=\"wpforms-5524-field_3-error\" ><\/textarea><\/div><script>\n\t\t\t\t( function() {\n\t\t\t\t\tconst style = document.createElement( 'style' );\n\t\t\t\t\tstyle.appendChild( document.createTextNode( '#wpforms-5524-field_9-container { position: absolute !important; overflow: hidden !important; display: inline !important; height: 1px !important; width: 1px !important; z-index: -1000 !important; padding: 0 !important; } #wpforms-5524-field_9-container input { visibility: hidden; } #wpforms-conversational-form-page #wpforms-5524-field_9-container label { counter-increment: none; }' ) );\n\t\t\t\t\tdocument.head.appendChild( style );\n\t\t\t\t\tdocument.currentScript?.remove();\n\t\t\t\t} )();\n\t\t\t<\/script><\/div><!-- .wpforms-field-container --><div class=\"wpforms-recaptcha-container wpforms-is-turnstile\" ><div class=\"cf-turnstile\" data-sitekey=\"0x4AAAAAACHjQgyP5rxDoTlb\" data-action=\"FormID-5524\"><\/div><input type=\"text\" name=\"g-recaptcha-hidden\" class=\"wpforms-recaptcha-hidden\" style=\"position:absolute!important;clip:rect(0,0,0,0)!important;height:1px!important;width:1px!important;border:0!important;overflow:hidden!important;padding:0!important;margin:0!important;\" data-rule-turnstile=\"1\"><\/div><div class=\"wpforms-submit-container\" ><input type=\"hidden\" name=\"wpforms[id]\" value=\"5524\"><input type=\"hidden\" name=\"page_title\" value=\"\"><input type=\"hidden\" name=\"page_url\" value=\"https:\/\/katanasystem.sk\/en\/wp-json\/wp\/v2\/pages\/4046\"><input type=\"hidden\" name=\"url_referer\" value=\"\"><button type=\"submit\" name=\"wpforms[submit]\" id=\"wpforms-submit-5524\" class=\"wpforms-submit wpcf7-form-control wpcf7-submit\" aria-live=\"assertive\" value=\"wpforms-submit\">Odosla\u0165<\/button><img loading=\"lazy\" decoding=\"async\" src=\"https:\/\/katanasystem.sk\/wp-content\/plugins\/wpforms-lite\/assets\/images\/submit-spin.svg\" class=\"wpforms-submit-spinner\" style=\"display: none;\" width=\"26\" height=\"26\" alt=\"Loading\"><\/div><\/form><\/div>  <!-- .wpforms-container --><\/div><\/div><\/div><\/div><\/div><\/div><!-- cell_inner --><\/div><!-- cell --><\/div><!-- port --><\/section>\n","protected":false},"excerpt":{"rendered":"","protected":false},"author":1,"featured_media":0,"parent":0,"menu_order":0,"comment_status":"closed","ping_status":"closed","template":"","meta":{"footnotes":""},"class_list":["post-4046","page","type-page","status-publish","hentry"],"yoast_head":"<!-- This site is optimized with the Yoast SEO plugin v27.3 - https:\/\/yoast.com\/product\/yoast-seo-wordpress\/ -->\n<title>Z\u00edska\u0165 ponuku | katanasystem.sk<\/title>\n<meta name=\"robots\" content=\"index, follow, max-snippet:-1, max-image-preview:large, max-video-preview:-1\" \/>\n<link rel=\"canonical\" href=\"https:\/\/katanasystem.sk\/en\/ziskat-ponuku\/\" \/>\n<meta property=\"og:locale\" content=\"en_US\" \/>\n<meta property=\"og:type\" content=\"article\" \/>\n<meta property=\"og:title\" content=\"Z\u00edska\u0165 ponuku | katanasystem.sk\" \/>\n<meta property=\"og:url\" content=\"https:\/\/katanasystem.sk\/en\/ziskat-ponuku\/\" \/>\n<meta property=\"og:site_name\" content=\"katanasystem.sk\" \/>\n<meta property=\"article:modified_time\" content=\"2025-12-19T11:25:17+00:00\" \/>\n<meta name=\"twitter:card\" content=\"summary_large_image\" \/>\n<meta name=\"twitter:label1\" content=\"Est. reading time\" \/>\n\t<meta name=\"twitter:data1\" content=\"2 minutes\" \/>\n<script type=\"application\/ld+json\" class=\"yoast-schema-graph\">{\"@context\":\"https:\\\/\\\/schema.org\",\"@graph\":[{\"@type\":\"WebPage\",\"@id\":\"https:\\\/\\\/katanasystem.sk\\\/ziskat-ponuku\\\/\",\"url\":\"https:\\\/\\\/katanasystem.sk\\\/ziskat-ponuku\\\/\",\"name\":\"Z\u00edska\u0165 ponuku | katanasystem.sk\",\"isPartOf\":{\"@id\":\"https:\\\/\\\/katanasystem.sk\\\/#website\"},\"datePublished\":\"2020-10-06T13:48:10+00:00\",\"dateModified\":\"2025-12-19T11:25:17+00:00\",\"breadcrumb\":{\"@id\":\"https:\\\/\\\/katanasystem.sk\\\/ziskat-ponuku\\\/#breadcrumb\"},\"inLanguage\":\"en-US\",\"potentialAction\":[{\"@type\":\"ReadAction\",\"target\":[\"https:\\\/\\\/katanasystem.sk\\\/ziskat-ponuku\\\/\"]}]},{\"@type\":\"BreadcrumbList\",\"@id\":\"https:\\\/\\\/katanasystem.sk\\\/ziskat-ponuku\\\/#breadcrumb\",\"itemListElement\":[{\"@type\":\"ListItem\",\"position\":1,\"name\":\"Home\",\"item\":\"https:\\\/\\\/katanasystem.sk\\\/\"},{\"@type\":\"ListItem\",\"position\":2,\"name\":\"Z\u00edska\u0165 ponuku\"}]},{\"@type\":\"WebSite\",\"@id\":\"https:\\\/\\\/katanasystem.sk\\\/#website\",\"url\":\"https:\\\/\\\/katanasystem.sk\\\/\",\"name\":\"katanasystem.sk\",\"description\":\"Ekonomick\u00fd syst\u00e9m na mieru\",\"publisher\":{\"@id\":\"https:\\\/\\\/katanasystem.sk\\\/#organization\"},\"potentialAction\":[{\"@type\":\"SearchAction\",\"target\":{\"@type\":\"EntryPoint\",\"urlTemplate\":\"https:\\\/\\\/katanasystem.sk\\\/?s={search_term_string}\"},\"query-input\":{\"@type\":\"PropertyValueSpecification\",\"valueRequired\":true,\"valueName\":\"search_term_string\"}}],\"inLanguage\":\"en-US\"},{\"@type\":\"Organization\",\"@id\":\"https:\\\/\\\/katanasystem.sk\\\/#organization\",\"name\":\"FLEX-IS\",\"url\":\"https:\\\/\\\/katanasystem.sk\\\/\",\"logo\":{\"@type\":\"ImageObject\",\"inLanguage\":\"en-US\",\"@id\":\"https:\\\/\\\/katanasystem.sk\\\/#\\\/schema\\\/logo\\\/image\\\/\",\"url\":\"https:\\\/\\\/katanasystem.sk\\\/wp-content\\\/uploads\\\/2022\\\/03\\\/Flexis_RGB_signature.png\",\"contentUrl\":\"https:\\\/\\\/katanasystem.sk\\\/wp-content\\\/uploads\\\/2022\\\/03\\\/Flexis_RGB_signature.png\",\"width\":198,\"height\":42,\"caption\":\"FLEX-IS\"},\"image\":{\"@id\":\"https:\\\/\\\/katanasystem.sk\\\/#\\\/schema\\\/logo\\\/image\\\/\"}}]}<\/script>\n<!-- \/ Yoast SEO plugin. -->","yoast_head_json":{"title":"Z\u00edska\u0165 ponuku | katanasystem.sk","robots":{"index":"index","follow":"follow","max-snippet":"max-snippet:-1","max-image-preview":"max-image-preview:large","max-video-preview":"max-video-preview:-1"},"canonical":"https:\/\/katanasystem.sk\/en\/ziskat-ponuku\/","og_locale":"en_US","og_type":"article","og_title":"Z\u00edska\u0165 ponuku | katanasystem.sk","og_url":"https:\/\/katanasystem.sk\/en\/ziskat-ponuku\/","og_site_name":"katanasystem.sk","article_modified_time":"2025-12-19T11:25:17+00:00","twitter_card":"summary_large_image","twitter_misc":{"Est. reading time":"2 minutes"},"schema":{"@context":"https:\/\/schema.org","@graph":[{"@type":"WebPage","@id":"https:\/\/katanasystem.sk\/ziskat-ponuku\/","url":"https:\/\/katanasystem.sk\/ziskat-ponuku\/","name":"Z\u00edska\u0165 ponuku | katanasystem.sk","isPartOf":{"@id":"https:\/\/katanasystem.sk\/#website"},"datePublished":"2020-10-06T13:48:10+00:00","dateModified":"2025-12-19T11:25:17+00:00","breadcrumb":{"@id":"https:\/\/katanasystem.sk\/ziskat-ponuku\/#breadcrumb"},"inLanguage":"en-US","potentialAction":[{"@type":"ReadAction","target":["https:\/\/katanasystem.sk\/ziskat-ponuku\/"]}]},{"@type":"BreadcrumbList","@id":"https:\/\/katanasystem.sk\/ziskat-ponuku\/#breadcrumb","itemListElement":[{"@type":"ListItem","position":1,"name":"Home","item":"https:\/\/katanasystem.sk\/"},{"@type":"ListItem","position":2,"name":"Z\u00edska\u0165 ponuku"}]},{"@type":"WebSite","@id":"https:\/\/katanasystem.sk\/#website","url":"https:\/\/katanasystem.sk\/","name":"katanasystem.sk","description":"Ekonomick\u00fd syst\u00e9m na mieru","publisher":{"@id":"https:\/\/katanasystem.sk\/#organization"},"potentialAction":[{"@type":"SearchAction","target":{"@type":"EntryPoint","urlTemplate":"https:\/\/katanasystem.sk\/?s={search_term_string}"},"query-input":{"@type":"PropertyValueSpecification","valueRequired":true,"valueName":"search_term_string"}}],"inLanguage":"en-US"},{"@type":"Organization","@id":"https:\/\/katanasystem.sk\/#organization","name":"FLEX-IS","url":"https:\/\/katanasystem.sk\/","logo":{"@type":"ImageObject","inLanguage":"en-US","@id":"https:\/\/katanasystem.sk\/#\/schema\/logo\/image\/","url":"https:\/\/katanasystem.sk\/wp-content\/uploads\/2022\/03\/Flexis_RGB_signature.png","contentUrl":"https:\/\/katanasystem.sk\/wp-content\/uploads\/2022\/03\/Flexis_RGB_signature.png","width":198,"height":42,"caption":"FLEX-IS"},"image":{"@id":"https:\/\/katanasystem.sk\/#\/schema\/logo\/image\/"}}]}},"_links":{"self":[{"href":"https:\/\/katanasystem.sk\/en\/wp-json\/wp\/v2\/pages\/4046","targetHints":{"allow":["GET"]}}],"collection":[{"href":"https:\/\/katanasystem.sk\/en\/wp-json\/wp\/v2\/pages"}],"about":[{"href":"https:\/\/katanasystem.sk\/en\/wp-json\/wp\/v2\/types\/page"}],"author":[{"embeddable":true,"href":"https:\/\/katanasystem.sk\/en\/wp-json\/wp\/v2\/users\/1"}],"replies":[{"embeddable":true,"href":"https:\/\/katanasystem.sk\/en\/wp-json\/wp\/v2\/comments?post=4046"}],"version-history":[{"count":17,"href":"https:\/\/katanasystem.sk\/en\/wp-json\/wp\/v2\/pages\/4046\/revisions"}],"predecessor-version":[{"id":5534,"href":"https:\/\/katanasystem.sk\/en\/wp-json\/wp\/v2\/pages\/4046\/revisions\/5534"}],"wp:attachment":[{"href":"https:\/\/katanasystem.sk\/en\/wp-json\/wp\/v2\/media?parent=4046"}],"curies":[{"name":"wp","href":"https:\/\/api.w.org\/{rel}","templated":true}]}}