{"id":4017,"date":"2020-09-18T11:44:21","date_gmt":"2020-09-18T11:44:21","guid":{"rendered":"https:\/\/katanasystem.sk\/?page_id=4017"},"modified":"2020-09-24T10:13:44","modified_gmt":"2020-09-24T10:13:44","slug":"dakujeme-zaujem-ponuka","status":"publish","type":"page","link":"https:\/\/katanasystem.sk\/sk\/dakujeme-zaujem-ponuka\/","title":{"rendered":"\u010eakujeme za z\u00e1ujem o ponuku"},"content":{"rendered":"<section id=\"bt_bb_section69d32556dee3d\" class=\"bt_bb_section bt_bb_layout_boxed_1200 bt_bb_vertical_align_top bt_bb_top_spacing_medium bt_bb_section_allow_content_outside bt_bb_section_show_right_boxed_content\" style=\"background-position:left 40%;background-size:auto;\" data-bt-override-class=\"null\"><div class=\"bt_bb_background_image_holder_wrapper\"><div class=\"bt_bb_background_image_holder btLazyLoadBackground\"  data-background_image_src=\"https:\/\/katanasystem.sk\/wp-content\/uploads\/2019\/09\/bgn-benefits.png\" data-parallax-zoom-start=\"1\" data-parallax-zoom-end=\"1\" data-parallax-blur-start=\"0\" data-parallax-blur-end=\"0\" data-parallax-opacity-start=\"1\" data-parallax-opacity-end=\"1\" style=\" background-image: url(&#039;https:\/\/katanasystem.sk\/wp-content\/plugins\/bold-page-builder\/img\/blank.gif&#039;);\"><\/div><\/div><div class=\"bt_bb_port\"><div class=\"bt_bb_cell\"><div class=\"bt_bb_cell_inner\"><div class=\"bt_bb_row \"  data-bt-override-class=\"{}\"><div class=\"bt_bb_row_holder\" ><div  class=\"bt_bb_column col-xl-12 bt_bb_align_left bt_bb_vertical_align_top bt_bb_padding_normal\"  data-width=\"12\" data-bt-override-class=\"{}\"><div class=\"bt_bb_column_content\"><div class=\"bt_bb_separator bt_bb_border_style_none bt_bb_top_spacing_large bt_bb_bottom_spacing_medium\" data-bt-override-class=\"null\"><\/div><\/div><\/div><\/div><\/div><div class=\"bt_bb_row \"  data-bt-override-class=\"{}\"><div class=\"bt_bb_row_holder\" ><div  class=\"bt_bb_column col-xl-12 bt_bb_align_center bt_bb_vertical_align_middle bt_bb_animation_fade_in move_up animate bt_bb_padding_normal\"  data-width=\"12\" data-bt-override-class=\"{}\"><div class=\"bt_bb_column_content\"><header class=\"bt_bb_headline bt_bb_font_weight_normal bt_bb_dash_none bt_bb_size_large bt_bb_align_inherit\" data-bt-override-class=\"{}\"><h2 class=\"bt_bb_headline_tag\"><span class=\"bt_bb_headline_content\"><span><u> <strong>\u010eakujeme za prejavenie z\u00e1ujmu<\/strong><br \/><br \/>\no cenov\u00fa ponuku k ERP syst\u00e9mu Katana. <\/u><\/p><br \/>\n<p><b>Te\u0161\u00edme sa na spolupr\u00e1cu s Vami,<br \/><br \/>\n<strong>budeme V\u00e1s \u010doskoro kontaktova\u0165.<\/strong><\/b><\/span><\/span><\/h2><\/header><div class=\"bt_bb_separator bt_bb_border_style_none bt_bb_top_spacing_large bt_bb_bottom_spacing_medium\" data-bt-override-class=\"null\"><\/div><\/div><\/div><\/div><\/div><div class=\"bt_bb_row \"  data-bt-override-class=\"{}\"><div class=\"bt_bb_row_holder\" ><div  class=\"bt_bb_column col-xl-12 bt_bb_align_center bt_bb_vertical_align_top bt_bb_padding_normal\"  data-width=\"12\" data-bt-override-class=\"{}\"><div class=\"bt_bb_column_content\"><div class=\"bt_bb_separator bt_bb_border_style_none bt_bb_top_spacing_normal bt_bb_bottom_spacing_normal\" data-bt-override-class=\"null\"><\/div><div class=\"bt_bb_button bt_bb_color_scheme_6 bt_bb_icon_position_left bt_bb_style_filled bt_bb_size_large bt_bb_width_inline bt_bb_shape_inherit bt_bb_target_self bt_bb_align_inherit\" style=\"; --primary-color:#ffffff; --secondary-color:#00b2e3;\" data-bt-override-class=\"{}\"><a href=\"\/\" target=\"_self\" class=\"bt_bb_link\" title=\"Na hlavn\u00fa str\u00e1nku\"><span class=\"bt_bb_button_text\" >Na hlavn\u00fa str\u00e1nku<\/span><\/a><\/div><div class=\"bt_bb_separator bt_bb_border_style_none bt_bb_top_spacing_normal bt_bb_bottom_spacing_large\" data-bt-override-class=\"null\"><\/div><\/div><\/div><\/div><\/div><\/div><!-- cell_inner --><\/div><!-- cell --><\/div><!-- port --><\/section>\n","protected":false},"excerpt":{"rendered":"<p>Katana je online ekonomick\u00fd softv\u00e9r pre mal\u00e9 a stredn\u00e9 firmy. V rozhran\u00ed webovej aplik\u00e1cie n\u00e1jdete komplexn\u00fa spr\u00e1vu V\u00e1\u0161ho podnikania od n\u00e1kupu a\u017e po reklam\u00e1cie. <\/p>\n<p>Ni\u010d nemus\u00edte in\u0161talova\u0165, do syst\u00e9mu Katana sa prihl\u00e1site cez webov\u00fd prehliada\u010d V\u00e1\u0161ho zariadenia.<\/p>\n","protected":false},"author":1,"featured_media":0,"parent":0,"menu_order":0,"comment_status":"closed","ping_status":"closed","template":"","meta":{"footnotes":""},"class_list":["post-4017","page","type-page","status-publish","hentry"],"yoast_head":"<!-- This site is optimized with the Yoast SEO plugin v27.3 - https:\/\/yoast.com\/product\/yoast-seo-wordpress\/ -->\n<title>\u010eakujeme za z\u00e1ujem o ponuku | katanasystem.sk<\/title>\n<meta name=\"robots\" content=\"index, follow, max-snippet:-1, max-image-preview:large, max-video-preview:-1\" \/>\n<link rel=\"canonical\" href=\"https:\/\/katanasystem.sk\/sk\/dakujeme-zaujem-ponuka\/\" \/>\n<meta property=\"og:locale\" content=\"sk_SK\" \/>\n<meta property=\"og:type\" content=\"article\" \/>\n<meta property=\"og:title\" content=\"\u010eakujeme za z\u00e1ujem o ponuku | katanasystem.sk\" \/>\n<meta property=\"og:description\" content=\"Katana je online ekonomick\u00fd softv\u00e9r pre mal\u00e9 a stredn\u00e9 firmy. V rozhran\u00ed webovej aplik\u00e1cie n\u00e1jdete komplexn\u00fa spr\u00e1vu V\u00e1\u0161ho podnikania od n\u00e1kupu a\u017e po reklam\u00e1cie.   Ni\u010d nemus\u00edte in\u0161talova\u0165, do syst\u00e9mu Katana sa prihl\u00e1site cez webov\u00fd prehliada\u010d V\u00e1\u0161ho zariadenia.\" \/>\n<meta property=\"og:url\" content=\"https:\/\/katanasystem.sk\/sk\/dakujeme-zaujem-ponuka\/\" \/>\n<meta property=\"og:site_name\" content=\"katanasystem.sk\" \/>\n<meta property=\"article:modified_time\" content=\"2020-09-24T10:13:44+00:00\" \/>\n<meta name=\"twitter:card\" content=\"summary_large_image\" \/>\n<meta name=\"twitter:label1\" content=\"Predpokladan\u00fd \u010das \u010d\u00edtania\" \/>\n\t<meta name=\"twitter:data1\" content=\"2 min\u00faty\" \/>\n<script type=\"application\/ld+json\" class=\"yoast-schema-graph\">{\"@context\":\"https:\\\/\\\/schema.org\",\"@graph\":[{\"@type\":\"WebPage\",\"@id\":\"https:\\\/\\\/katanasystem.sk\\\/dakujeme-zaujem-ponuka\\\/\",\"url\":\"https:\\\/\\\/katanasystem.sk\\\/dakujeme-zaujem-ponuka\\\/\",\"name\":\"\u010eakujeme za z\u00e1ujem o ponuku | katanasystem.sk\",\"isPartOf\":{\"@id\":\"https:\\\/\\\/katanasystem.sk\\\/#website\"},\"datePublished\":\"2020-09-18T11:44:21+00:00\",\"dateModified\":\"2020-09-24T10:13:44+00:00\",\"breadcrumb\":{\"@id\":\"https:\\\/\\\/katanasystem.sk\\\/dakujeme-zaujem-ponuka\\\/#breadcrumb\"},\"inLanguage\":\"sk-SK\",\"potentialAction\":[{\"@type\":\"ReadAction\",\"target\":[\"https:\\\/\\\/katanasystem.sk\\\/dakujeme-zaujem-ponuka\\\/\"]}]},{\"@type\":\"BreadcrumbList\",\"@id\":\"https:\\\/\\\/katanasystem.sk\\\/dakujeme-zaujem-ponuka\\\/#breadcrumb\",\"itemListElement\":[{\"@type\":\"ListItem\",\"position\":1,\"name\":\"Home\",\"item\":\"https:\\\/\\\/katanasystem.sk\\\/\"},{\"@type\":\"ListItem\",\"position\":2,\"name\":\"\u010eakujeme za z\u00e1ujem o ponuku\"}]},{\"@type\":\"WebSite\",\"@id\":\"https:\\\/\\\/katanasystem.sk\\\/#website\",\"url\":\"https:\\\/\\\/katanasystem.sk\\\/\",\"name\":\"katanasystem.sk\",\"description\":\"Ekonomick\u00fd syst\u00e9m na mieru\",\"publisher\":{\"@id\":\"https:\\\/\\\/katanasystem.sk\\\/#organization\"},\"potentialAction\":[{\"@type\":\"SearchAction\",\"target\":{\"@type\":\"EntryPoint\",\"urlTemplate\":\"https:\\\/\\\/katanasystem.sk\\\/?s={search_term_string}\"},\"query-input\":{\"@type\":\"PropertyValueSpecification\",\"valueRequired\":true,\"valueName\":\"search_term_string\"}}],\"inLanguage\":\"sk-SK\"},{\"@type\":\"Organization\",\"@id\":\"https:\\\/\\\/katanasystem.sk\\\/#organization\",\"name\":\"FLEX-IS\",\"url\":\"https:\\\/\\\/katanasystem.sk\\\/\",\"logo\":{\"@type\":\"ImageObject\",\"inLanguage\":\"sk-SK\",\"@id\":\"https:\\\/\\\/katanasystem.sk\\\/#\\\/schema\\\/logo\\\/image\\\/\",\"url\":\"https:\\\/\\\/katanasystem.sk\\\/wp-content\\\/uploads\\\/2022\\\/03\\\/Flexis_RGB_signature.png\",\"contentUrl\":\"https:\\\/\\\/katanasystem.sk\\\/wp-content\\\/uploads\\\/2022\\\/03\\\/Flexis_RGB_signature.png\",\"width\":198,\"height\":42,\"caption\":\"FLEX-IS\"},\"image\":{\"@id\":\"https:\\\/\\\/katanasystem.sk\\\/#\\\/schema\\\/logo\\\/image\\\/\"}}]}<\/script>\n<!-- \/ Yoast SEO plugin. -->","yoast_head_json":{"title":"\u010eakujeme za z\u00e1ujem o ponuku | katanasystem.sk","robots":{"index":"index","follow":"follow","max-snippet":"max-snippet:-1","max-image-preview":"max-image-preview:large","max-video-preview":"max-video-preview:-1"},"canonical":"https:\/\/katanasystem.sk\/sk\/dakujeme-zaujem-ponuka\/","og_locale":"sk_SK","og_type":"article","og_title":"\u010eakujeme za z\u00e1ujem o ponuku | katanasystem.sk","og_description":"Katana je online ekonomick\u00fd softv\u00e9r pre mal\u00e9 a stredn\u00e9 firmy. V rozhran\u00ed webovej aplik\u00e1cie n\u00e1jdete komplexn\u00fa spr\u00e1vu V\u00e1\u0161ho podnikania od n\u00e1kupu a\u017e po reklam\u00e1cie.   Ni\u010d nemus\u00edte in\u0161talova\u0165, do syst\u00e9mu Katana sa prihl\u00e1site cez webov\u00fd prehliada\u010d V\u00e1\u0161ho zariadenia.","og_url":"https:\/\/katanasystem.sk\/sk\/dakujeme-zaujem-ponuka\/","og_site_name":"katanasystem.sk","article_modified_time":"2020-09-24T10:13:44+00:00","twitter_card":"summary_large_image","twitter_misc":{"Predpokladan\u00fd \u010das \u010d\u00edtania":"2 min\u00faty"},"schema":{"@context":"https:\/\/schema.org","@graph":[{"@type":"WebPage","@id":"https:\/\/katanasystem.sk\/dakujeme-zaujem-ponuka\/","url":"https:\/\/katanasystem.sk\/dakujeme-zaujem-ponuka\/","name":"\u010eakujeme za z\u00e1ujem o ponuku | katanasystem.sk","isPartOf":{"@id":"https:\/\/katanasystem.sk\/#website"},"datePublished":"2020-09-18T11:44:21+00:00","dateModified":"2020-09-24T10:13:44+00:00","breadcrumb":{"@id":"https:\/\/katanasystem.sk\/dakujeme-zaujem-ponuka\/#breadcrumb"},"inLanguage":"sk-SK","potentialAction":[{"@type":"ReadAction","target":["https:\/\/katanasystem.sk\/dakujeme-zaujem-ponuka\/"]}]},{"@type":"BreadcrumbList","@id":"https:\/\/katanasystem.sk\/dakujeme-zaujem-ponuka\/#breadcrumb","itemListElement":[{"@type":"ListItem","position":1,"name":"Home","item":"https:\/\/katanasystem.sk\/"},{"@type":"ListItem","position":2,"name":"\u010eakujeme za z\u00e1ujem o ponuku"}]},{"@type":"WebSite","@id":"https:\/\/katanasystem.sk\/#website","url":"https:\/\/katanasystem.sk\/","name":"katanasystem.sk","description":"Ekonomick\u00fd syst\u00e9m na mieru","publisher":{"@id":"https:\/\/katanasystem.sk\/#organization"},"potentialAction":[{"@type":"SearchAction","target":{"@type":"EntryPoint","urlTemplate":"https:\/\/katanasystem.sk\/?s={search_term_string}"},"query-input":{"@type":"PropertyValueSpecification","valueRequired":true,"valueName":"search_term_string"}}],"inLanguage":"sk-SK"},{"@type":"Organization","@id":"https:\/\/katanasystem.sk\/#organization","name":"FLEX-IS","url":"https:\/\/katanasystem.sk\/","logo":{"@type":"ImageObject","inLanguage":"sk-SK","@id":"https:\/\/katanasystem.sk\/#\/schema\/logo\/image\/","url":"https:\/\/katanasystem.sk\/wp-content\/uploads\/2022\/03\/Flexis_RGB_signature.png","contentUrl":"https:\/\/katanasystem.sk\/wp-content\/uploads\/2022\/03\/Flexis_RGB_signature.png","width":198,"height":42,"caption":"FLEX-IS"},"image":{"@id":"https:\/\/katanasystem.sk\/#\/schema\/logo\/image\/"}}]}},"_links":{"self":[{"href":"https:\/\/katanasystem.sk\/sk\/wp-json\/wp\/v2\/pages\/4017","targetHints":{"allow":["GET"]}}],"collection":[{"href":"https:\/\/katanasystem.sk\/sk\/wp-json\/wp\/v2\/pages"}],"about":[{"href":"https:\/\/katanasystem.sk\/sk\/wp-json\/wp\/v2\/types\/page"}],"author":[{"embeddable":true,"href":"https:\/\/katanasystem.sk\/sk\/wp-json\/wp\/v2\/users\/1"}],"replies":[{"embeddable":true,"href":"https:\/\/katanasystem.sk\/sk\/wp-json\/wp\/v2\/comments?post=4017"}],"version-history":[{"count":3,"href":"https:\/\/katanasystem.sk\/sk\/wp-json\/wp\/v2\/pages\/4017\/revisions"}],"predecessor-version":[{"id":4029,"href":"https:\/\/katanasystem.sk\/sk\/wp-json\/wp\/v2\/pages\/4017\/revisions\/4029"}],"wp:attachment":[{"href":"https:\/\/katanasystem.sk\/sk\/wp-json\/wp\/v2\/media?parent=4017"}],"curies":[{"name":"wp","href":"https:\/\/api.w.org\/{rel}","templated":true}]}}