{"id":98,"date":"2019-08-29T11:52:52","date_gmt":"2019-08-29T11:52:52","guid":{"rendered":"http:\/\/codiqa.bold-themes.com\/software-team\/?page_id=98"},"modified":"2025-12-19T09:47:51","modified_gmt":"2025-12-19T09:47:51","slug":"footer","status":"publish","type":"page","link":"https:\/\/katanasystem.sk\/sk\/footer\/","title":{"rendered":"Footer"},"content":{"rendered":"<section id=\"bt_bb_section69d3d081c96be\" class=\"bt_bb_section bt_bb_color_scheme_6 bt_bb_layout_boxed_1200 bt_bb_vertical_align_top bt_bb_top_section_coverage_image bt_bb_section_with_top_coverage_image bt_bb_top_spacing_extra_large bt_bb_section_allow_content_outside\" style=\"background: linear-gradient(80deg, #1E1955, #00B2E3);; --section-primary-color:#ffffff; --section-secondary-color:#00b2e3;\" data-bt-override-class=\"null\"><div class=\"bt_bb_port\"><div class=\"bt_bb_cell\"><div class=\"bt_bb_cell_inner\"><div class=\"bt_bb_row  bt_bb_column_gap_40\" style=\"; --column-gap:40px;\" data-bt-override-class=\"{}\"><div class=\"bt_bb_row_holder\" ><div  class=\"bt_bb_column col-xl-6 bt_bb_align_left bt_bb_vertical_align_top bt_bb_padding_normal\"  data-width=\"6\" data-bt-override-class=\"{}\"><div class=\"bt_bb_column_content\"><div class=\"bt_bb_separator bt_bb_border_style_none\" data-bt-override-class=\"null\"><\/div><div class=\"bt_bb_separator bt_bb_border_style_none bt_bb_top_spacing_extra_small bt_bb_bottom_spacing_small\" data-bt-override-class=\"null\"><\/div><div  class=\"bt_bb_text\" ><\/p>\n<p>\nKatana je online ekonomick\u00fd softv\u00e9r pre mal\u00e9 a stredn\u00e9 firmy. V rozhran\u00ed webovej aplik\u00e1cie n\u00e1jdete\u00a0<strong>komplexn\u00fa spr\u00e1vu V\u00e1\u0161ho podnikania od n\u00e1kupu a\u017e po reklam\u00e1cie.\u00a0<\/strong><\/p>\n<p>\n<\/div><div class=\"bt_bb_separator bt_bb_border_style_none bt_bb_top_spacing_extra_small bt_bb_bottom_spacing_small\" data-bt-override-class=\"null\"><\/div><div class=\"bt_bb_button bt_bb_color_scheme_1 bt_bb_icon_position_left bt_bb_style_clean bt_bb_size_medium bt_bb_width_inline bt_bb_shape_inherit bt_bb_target_self bt_bb_align_inherit\" style=\"; --primary-color:#ffffff; --secondary-color:#191919;\" data-bt-override-class=\"{}\"><a href=\"#\" target=\"_self\" class=\"bt_bb_link\" title=\"+421 \u2013 2 \u2013 209 063 11\"><span class=\"bt_bb_button_text\" >+421 \u2013 2 \u2013 209 063 11<\/span><span  data-ico-fontawesome=\"&#xf095;\" class=\"bt_bb_icon_holder\"><\/span><\/a><\/div><div class=\"bt_bb_separator bt_bb_border_style_none bt_bb_bottom_spacing_extra_small\" data-bt-override-class=\"null\"><\/div><div class=\"bt_bb_button bt_bb_color_scheme_1 bt_bb_icon_position_left bt_bb_style_clean bt_bb_size_medium bt_bb_width_inline bt_bb_shape_inherit bt_bb_target_blank bt_bb_align_inherit\" style=\"; --primary-color:#ffffff; --secondary-color:#191919;\" data-bt-override-class=\"{}\"><a href=\"https:\/\/flexis.sk\" target=\"_blank\" class=\"bt_bb_link\" title=\"www.flexis.sk\"><span class=\"bt_bb_button_text\" >www.flexis.sk<\/span><span  data-ico-essential=\"&#xe99f;\" class=\"bt_bb_icon_holder\"><\/span><\/a><\/div><div class=\"bt_bb_separator bt_bb_border_style_none bt_bb_bottom_spacing_medium\" data-bt-override-class=\"null\"><\/div><div class=\"bt_bb_separator bt_bb_border_style_solid bt_bb_top_spacing_normal bt_bb_bottom_spacing_normal bt_bb_hidden_sm bt_bb_hidden_md bt_bb_hidden_lg\" data-bt-override-class=\"null\"><\/div><\/div><\/div><div  class=\"bt_bb_column col-xl-6 bt_bb_align_left bt_bb_vertical_align_top bt_bb_padding_normal\"  data-width=\"6\" data-bt-override-class=\"{}\"><div class=\"bt_bb_column_content\"><div class=\"bt_bb_separator bt_bb_border_style_none bt_bb_bottom_spacing_extra_small\" data-bt-override-class=\"null\"><\/div><header class=\"bt_bb_headline bt_bb_dash_none bt_bb_size_small bt_bb_align_inherit\" data-bt-override-class=\"{}\"><h5 class=\"bt_bb_headline_tag\"><span class=\"bt_bb_headline_content\"><span>Katana<\/span><\/span><\/h5><\/header><div class=\"bt_bb_separator bt_bb_border_style_none bt_bb_bottom_spacing_normal\" data-bt-override-class=\"null\"><\/div><div class=\"bt_bb_custom_menu btFooterMenuBordered bt_bb_direction_vertical\"><div class=\"menu-katana-sk-footer-container\"><ul id=\"menu-katana-sk-footer\" class=\"menu\"><li id=\"menu-item-3743\" class=\"menu-item menu-item-type-post_type menu-item-object-page menu-item-home menu-item-3743\"><a href=\"https:\/\/katanasystem.sk\/sk\/\">Domov<\/a><\/li>\n<li id=\"menu-item-3742\" class=\"menu-item menu-item-type-post_type menu-item-object-page menu-item-3742\"><a href=\"https:\/\/katanasystem.sk\/sk\/benefity\/\">Benefity<\/a><\/li>\n<li id=\"menu-item-3744\" class=\"menu-item menu-item-type-post_type menu-item-object-page menu-item-3744\"><a href=\"https:\/\/katanasystem.sk\/sk\/funkcie\/\">Funkcie<\/a><\/li>\n<li id=\"menu-item-3745\" class=\"menu-item menu-item-type-post_type menu-item-object-page menu-item-3745\"><a href=\"https:\/\/katanasystem.sk\/sk\/faq\/\">FAQ<\/a><\/li>\n<li id=\"menu-item-3746\" class=\"menu-item menu-item-type-post_type menu-item-object-page current_page_parent menu-item-3746\"><a href=\"https:\/\/katanasystem.sk\/sk\/blog\/\">Blog<\/a><\/li>\n<li id=\"menu-item-3747\" class=\"menu-item menu-item-type-post_type menu-item-object-page menu-item-3747\"><a href=\"https:\/\/katanasystem.sk\/sk\/referencie\/\">Referencie<\/a><\/li>\n<li id=\"menu-item-3748\" class=\"menu-item menu-item-type-post_type menu-item-object-page menu-item-3748\"><a href=\"https:\/\/katanasystem.sk\/sk\/kontakt\/\">Kontakt<\/a><\/li>\n<li id=\"menu-item-5333\" class=\"menu-item menu-item-type-custom menu-item-object-custom menu-item-5333\"><a href=\"https:\/\/katanasystem.sk\/flx_8-informacie-o-ochrane-a-spracuvani-osobnych-udajov\/\">Inform\u00e1cie o ochrane osobn\u00fdch \u00fadajov<\/a><\/li>\n<li id=\"menu-item-5334\" class=\"menu-item menu-item-type-custom menu-item-object-custom menu-item-5334\"><a href=\"https:\/\/katanasystem.sk\/flx_11-cookies\/\">Inform\u00e1cie o cookies<\/a><\/li>\n<\/ul><\/div><\/div><div class=\"bt_bb_separator bt_bb_border_style_none bt_bb_bottom_spacing_medium bt_bb_hidden_xs bt_bb_hidden_ms\" data-bt-override-class=\"null\"><\/div><div class=\"bt_bb_separator bt_bb_border_style_solid bt_bb_top_spacing_normal bt_bb_bottom_spacing_normal bt_bb_hidden_sm bt_bb_hidden_md bt_bb_hidden_lg\" data-bt-override-class=\"null\"><\/div><\/div><\/div><\/div><\/div><div class=\"bt_bb_row \"  data-bt-override-class=\"{}\"><div class=\"bt_bb_row_holder\" ><div  class=\"bt_bb_column col-xl-12 bt_bb_align_left bt_bb_vertical_align_top bt_bb_padding_normal\"  data-width=\"12\" data-bt-override-class=\"{}\"><div class=\"bt_bb_column_content\"><div  class=\"bt_bb_text\" ><\/p>\n<p><strong>FLEX-IS, spol. s r.o.<\/strong> &#169; 2026<\/p>\n<p>\n<\/div><div data-bb-version=\"4.7.6\" class=\"bt_bb_separator bt_bb_border_style_none bt_bb_top_spacing_none bt_bb_bottom_spacing_normal\" data-bt-override-class=\"{&quot;bt_bb_top_spacing_&quot;:{&quot;current_class&quot;:&quot;bt_bb_top_spacing_none&quot;,&quot;def&quot;:&quot;none&quot;},&quot;bt_bb_bottom_spacing_&quot;:{&quot;current_class&quot;:&quot;bt_bb_bottom_spacing_normal&quot;,&quot;def&quot;:&quot;normal&quot;}}\"><\/div><\/div><\/div><\/div><\/div><\/div><!-- cell_inner --><\/div><!-- cell --><\/div><!-- port --><div class=\"bt_bb_section_top_section_coverage_image\"><img decoding=\"async\" src=\"https:\/\/katanasystem.sk\/wp-content\/uploads\/2019\/09\/bgn-white-curve-top-left.png\" alt=\"bt_bb_section_top_section_coverage_image\" \/><\/div><\/section>\n","protected":false},"excerpt":{"rendered":"<p>Katana je online ekonomick\u00fd softv\u00e9r pre mal\u00e9 a stredn\u00e9 firmy. V rozhran\u00ed webovej aplik\u00e1cie n\u00e1jdete komplexn\u00fa spr\u00e1vu V\u00e1\u0161ho podnikania od n\u00e1kupu a\u017e po reklam\u00e1cie. <\/p>\n","protected":false},"author":1,"featured_media":0,"parent":0,"menu_order":0,"comment_status":"closed","ping_status":"closed","template":"","meta":{"footnotes":""},"class_list":["post-98","page","type-page","status-publish","hentry"],"yoast_head":"<!-- This site is optimized with the Yoast SEO plugin v27.3 - https:\/\/yoast.com\/product\/yoast-seo-wordpress\/ -->\n<title>Footer | katanasystem.sk<\/title>\n<meta name=\"robots\" content=\"index, follow, max-snippet:-1, max-image-preview:large, max-video-preview:-1\" \/>\n<link rel=\"canonical\" href=\"https:\/\/katanasystem.sk\/sk\/footer\/\" \/>\n<meta property=\"og:locale\" content=\"sk_SK\" \/>\n<meta property=\"og:type\" content=\"article\" \/>\n<meta property=\"og:title\" content=\"Footer | katanasystem.sk\" \/>\n<meta property=\"og:description\" content=\"Katana je online ekonomick\u00fd softv\u00e9r pre mal\u00e9 a stredn\u00e9 firmy. V rozhran\u00ed webovej aplik\u00e1cie n\u00e1jdete komplexn\u00fa spr\u00e1vu V\u00e1\u0161ho podnikania od n\u00e1kupu a\u017e po reklam\u00e1cie.\" \/>\n<meta property=\"og:url\" content=\"https:\/\/katanasystem.sk\/sk\/footer\/\" \/>\n<meta property=\"og:site_name\" content=\"katanasystem.sk\" \/>\n<meta property=\"article:modified_time\" content=\"2025-12-19T09:47:51+00:00\" \/>\n<meta name=\"twitter:card\" content=\"summary_large_image\" \/>\n<meta name=\"twitter:label1\" content=\"Predpokladan\u00fd \u010das \u010d\u00edtania\" \/>\n\t<meta name=\"twitter:data1\" content=\"5 min\u00fat\" \/>\n<script type=\"application\/ld+json\" class=\"yoast-schema-graph\">{\"@context\":\"https:\\\/\\\/schema.org\",\"@graph\":[{\"@type\":\"WebPage\",\"@id\":\"https:\\\/\\\/katanasystem.sk\\\/footer\\\/\",\"url\":\"https:\\\/\\\/katanasystem.sk\\\/footer\\\/\",\"name\":\"Footer | katanasystem.sk\",\"isPartOf\":{\"@id\":\"https:\\\/\\\/katanasystem.sk\\\/#website\"},\"datePublished\":\"2019-08-29T11:52:52+00:00\",\"dateModified\":\"2025-12-19T09:47:51+00:00\",\"breadcrumb\":{\"@id\":\"https:\\\/\\\/katanasystem.sk\\\/footer\\\/#breadcrumb\"},\"inLanguage\":\"sk-SK\",\"potentialAction\":[{\"@type\":\"ReadAction\",\"target\":[\"https:\\\/\\\/katanasystem.sk\\\/footer\\\/\"]}]},{\"@type\":\"BreadcrumbList\",\"@id\":\"https:\\\/\\\/katanasystem.sk\\\/footer\\\/#breadcrumb\",\"itemListElement\":[{\"@type\":\"ListItem\",\"position\":1,\"name\":\"Home\",\"item\":\"https:\\\/\\\/katanasystem.sk\\\/\"},{\"@type\":\"ListItem\",\"position\":2,\"name\":\"Footer\"}]},{\"@type\":\"WebSite\",\"@id\":\"https:\\\/\\\/katanasystem.sk\\\/#website\",\"url\":\"https:\\\/\\\/katanasystem.sk\\\/\",\"name\":\"katanasystem.sk\",\"description\":\"Ekonomick\u00fd syst\u00e9m na mieru\",\"publisher\":{\"@id\":\"https:\\\/\\\/katanasystem.sk\\\/#organization\"},\"potentialAction\":[{\"@type\":\"SearchAction\",\"target\":{\"@type\":\"EntryPoint\",\"urlTemplate\":\"https:\\\/\\\/katanasystem.sk\\\/?s={search_term_string}\"},\"query-input\":{\"@type\":\"PropertyValueSpecification\",\"valueRequired\":true,\"valueName\":\"search_term_string\"}}],\"inLanguage\":\"sk-SK\"},{\"@type\":\"Organization\",\"@id\":\"https:\\\/\\\/katanasystem.sk\\\/#organization\",\"name\":\"FLEX-IS\",\"url\":\"https:\\\/\\\/katanasystem.sk\\\/\",\"logo\":{\"@type\":\"ImageObject\",\"inLanguage\":\"sk-SK\",\"@id\":\"https:\\\/\\\/katanasystem.sk\\\/#\\\/schema\\\/logo\\\/image\\\/\",\"url\":\"https:\\\/\\\/katanasystem.sk\\\/wp-content\\\/uploads\\\/2022\\\/03\\\/Flexis_RGB_signature.png\",\"contentUrl\":\"https:\\\/\\\/katanasystem.sk\\\/wp-content\\\/uploads\\\/2022\\\/03\\\/Flexis_RGB_signature.png\",\"width\":198,\"height\":42,\"caption\":\"FLEX-IS\"},\"image\":{\"@id\":\"https:\\\/\\\/katanasystem.sk\\\/#\\\/schema\\\/logo\\\/image\\\/\"}}]}<\/script>\n<!-- \/ Yoast SEO plugin. -->","yoast_head_json":{"title":"Footer | katanasystem.sk","robots":{"index":"index","follow":"follow","max-snippet":"max-snippet:-1","max-image-preview":"max-image-preview:large","max-video-preview":"max-video-preview:-1"},"canonical":"https:\/\/katanasystem.sk\/sk\/footer\/","og_locale":"sk_SK","og_type":"article","og_title":"Footer | katanasystem.sk","og_description":"Katana je online ekonomick\u00fd softv\u00e9r pre mal\u00e9 a stredn\u00e9 firmy. V rozhran\u00ed webovej aplik\u00e1cie n\u00e1jdete komplexn\u00fa spr\u00e1vu V\u00e1\u0161ho podnikania od n\u00e1kupu a\u017e po reklam\u00e1cie.","og_url":"https:\/\/katanasystem.sk\/sk\/footer\/","og_site_name":"katanasystem.sk","article_modified_time":"2025-12-19T09:47:51+00:00","twitter_card":"summary_large_image","twitter_misc":{"Predpokladan\u00fd \u010das \u010d\u00edtania":"5 min\u00fat"},"schema":{"@context":"https:\/\/schema.org","@graph":[{"@type":"WebPage","@id":"https:\/\/katanasystem.sk\/footer\/","url":"https:\/\/katanasystem.sk\/footer\/","name":"Footer | katanasystem.sk","isPartOf":{"@id":"https:\/\/katanasystem.sk\/#website"},"datePublished":"2019-08-29T11:52:52+00:00","dateModified":"2025-12-19T09:47:51+00:00","breadcrumb":{"@id":"https:\/\/katanasystem.sk\/footer\/#breadcrumb"},"inLanguage":"sk-SK","potentialAction":[{"@type":"ReadAction","target":["https:\/\/katanasystem.sk\/footer\/"]}]},{"@type":"BreadcrumbList","@id":"https:\/\/katanasystem.sk\/footer\/#breadcrumb","itemListElement":[{"@type":"ListItem","position":1,"name":"Home","item":"https:\/\/katanasystem.sk\/"},{"@type":"ListItem","position":2,"name":"Footer"}]},{"@type":"WebSite","@id":"https:\/\/katanasystem.sk\/#website","url":"https:\/\/katanasystem.sk\/","name":"katanasystem.sk","description":"Ekonomick\u00fd syst\u00e9m na mieru","publisher":{"@id":"https:\/\/katanasystem.sk\/#organization"},"potentialAction":[{"@type":"SearchAction","target":{"@type":"EntryPoint","urlTemplate":"https:\/\/katanasystem.sk\/?s={search_term_string}"},"query-input":{"@type":"PropertyValueSpecification","valueRequired":true,"valueName":"search_term_string"}}],"inLanguage":"sk-SK"},{"@type":"Organization","@id":"https:\/\/katanasystem.sk\/#organization","name":"FLEX-IS","url":"https:\/\/katanasystem.sk\/","logo":{"@type":"ImageObject","inLanguage":"sk-SK","@id":"https:\/\/katanasystem.sk\/#\/schema\/logo\/image\/","url":"https:\/\/katanasystem.sk\/wp-content\/uploads\/2022\/03\/Flexis_RGB_signature.png","contentUrl":"https:\/\/katanasystem.sk\/wp-content\/uploads\/2022\/03\/Flexis_RGB_signature.png","width":198,"height":42,"caption":"FLEX-IS"},"image":{"@id":"https:\/\/katanasystem.sk\/#\/schema\/logo\/image\/"}}]}},"_links":{"self":[{"href":"https:\/\/katanasystem.sk\/sk\/wp-json\/wp\/v2\/pages\/98","targetHints":{"allow":["GET"]}}],"collection":[{"href":"https:\/\/katanasystem.sk\/sk\/wp-json\/wp\/v2\/pages"}],"about":[{"href":"https:\/\/katanasystem.sk\/sk\/wp-json\/wp\/v2\/types\/page"}],"author":[{"embeddable":true,"href":"https:\/\/katanasystem.sk\/sk\/wp-json\/wp\/v2\/users\/1"}],"replies":[{"embeddable":true,"href":"https:\/\/katanasystem.sk\/sk\/wp-json\/wp\/v2\/comments?post=98"}],"version-history":[{"count":51,"href":"https:\/\/katanasystem.sk\/sk\/wp-json\/wp\/v2\/pages\/98\/revisions"}],"predecessor-version":[{"id":5514,"href":"https:\/\/katanasystem.sk\/sk\/wp-json\/wp\/v2\/pages\/98\/revisions\/5514"}],"wp:attachment":[{"href":"https:\/\/katanasystem.sk\/sk\/wp-json\/wp\/v2\/media?parent=98"}],"curies":[{"name":"wp","href":"https:\/\/api.w.org\/{rel}","templated":true}]}}